{"id":55,"date":"2022-06-27T08:49:59","date_gmt":"2022-06-27T06:49:59","guid":{"rendered":"http:\/\/www.studiopellicci.it\/?page_id=55"},"modified":"2022-06-27T08:50:01","modified_gmt":"2022-06-27T06:50:01","slug":"privacy-policy","status":"publish","type":"page","link":"http:\/\/www.studiopellicci.it\/index.php\/privacy-policy\/","title":{"rendered":"Privacy Policy"},"content":{"rendered":"\n<p>PRIVACY POLICY &amp; COOKIES<\/p>\n\n\n\n<p>Ai sensi dell'art. 13 D. Lgs. 30 giugno 2003, n. 196 (\"Codice Privacy\"), dell'art. 13 del Regolamento Europeo n. 679 del 2016 (il \"Regolamento Privacy\"), nonch\u00e9 della Raccomandazione n. 2 del 2001 adottata ai sensi dell'art. 29 della Direttiva n. 95\/46\/CE, lo Studio Professionale Pellicci, con il presente documento, intende informare Te e tutti gli utenti e\/o visitatori del sito www.studiopellicci.it (rispettivamente gli \"Utenti\" e il \" Sito\"), in merito all'utilizzo dei dati personali, dei log files e dei cookies raccolti tramite il Sito medesimo.<\/p>\n\n\n\n<p>1. Titolare, Responsabili del trattamento dei dati e Responsabile della Protezione dei Dati<\/p>\n\n\n\n<p>Il titolare del trattamento dei dati personali \u00e8 Studio Professionale Pellicci (C.F. e P.IVA 01867610477), con sede legale in Pescia (PT) CAP 51017, Via della Stazione 76, e-mail info@studiopellicci.it, in persona del Suo rappresentante legale <em>pro-tempore, <\/em>sig.ra Sara Pellicci (di seguito il \"Titolare\").<\/p>\n\n\n\n<p>L'elenco aggiornato dei Responsabili del trattamento designati pu\u00f2 essere fornito su richiesta da parte degli interessati e\/o Utenti.<\/p>\n\n\n\n<p>2. Informazioni raccolte automaticamente dal Sito - Cookies<\/p>\n\n\n\n<p>a) Informazioni raccolte automaticamente<\/p>\n\n\n\n<p>Come tutti i siti web anche il nostro Sito fa uso di log files, nei quali vengono conservate informazioni raccolte in maniera automatizzata durante le Tue visite. I sistemi informatici e le procedure software preposte al funzionamento del Sito, infatti, acquisiscono automaticamente durante l'utilizzo alcune informazioni, la cui trasmissione \u00e8 implicita nell'uso dei protocolli di comunicazione di Internet.<\/p>\n\n\n\n<ul><li>Le informazioni raccolte sono le seguenti:<\/li><li>indirizzo Internet Protocol (IP) o il nome a dominio del dispositivo da Te utilizzato;<\/li><li>tipo di browser e parametri del dispositivo usato per connettersi al Sito;<\/li><li>gli indirizzi in notazione URI (Uniform Resource Identifier) delle risorse richieste o il metodo utilizzato nel sottoporre la richiesta al server;<\/li><li>nome dell'internet service provider (ISP);<\/li><li>data e orario di visita;<\/li><li>pagina web di provenienza (referral) e di uscita dell'Utente;<\/li><li>eventualmente il numero di click;<\/li><li>la dimensione del file ottenuto in risposta;<\/li><li>il codice numerico indicante lo stato della risposta data dal server (buon fine, errore, ecc.);<\/li><li>altri parametri relativi al sistema operativo e all'ambiente informatico del Tuo dispositivo.<\/li><\/ul>\n\n\n\n<p>Tali informazioni sono trattate in forma automatizzata e raccolte esclusivamente in forma aggregata al fine di verificare il corretto funzionamento del Sito.<\/p>\n\n\n\n<p>b) Cookies<\/p>\n\n\n\n<p>Nel Sito vengono utilizzati cookies.<\/p>\n\n\n\n<p>Cosa sono i cookies<\/p>\n\n\n\n<p>I cookies sono files di testo registrati su supporto informatico, che permettono di registrare alcuni parametri e dati comunicati al sistema informatico, attraverso il browser da Te utilizzato. Tali strumenti consentono pertanto un'analisi delle Tue abitudini nell'utilizzo del Sito, per differenti finalit\u00e0: esecuzione di autenticazioni informatiche, monitoraggio di sessioni, memorizzazione di informazioni su specifiche configurazioni riguardanti gli utenti che accedono al server, memorizzazione delle preferenze, ecc.<\/p>\n\n\n\n<p>I cookies si distinguono in:<\/p>\n\n\n\n<ol type=\"1\"><li>Cookies tecnici: servono ad effettuare la navigazione o a fornire un servizio da Te richiesto. Senza il ricorso a tali cookies, alcune operazioni non potrebbero essere compiute o sarebbero pi\u00f9 complesse e\/o meno sicure.<\/li><li>Cookies di profilazione: sono utilizzati per tracciare la Tua navigazione e creare dei profili sui Tuoi gusti, abitudini, scelte, ecc. In questo modo possono essere trasmessi al tuo <em>device<\/em> messaggi pubblicitari in linea con le Tue preferenze gi\u00e0 manifestate nella precedente navigazione online.<\/li><\/ol>\n\n\n\n<p>Per l'installazione dei Cookies tecnici non \u00e8 richiesto il Tuo consenso. Per l'installazione dei Cookies di profilazione \u00e8 richiesto il Tuo consenso: nel caso in cui non desideri che il Tuo <em>device<\/em> riceva e memorizzi i Cookies di profilazione, puoi modificare le impostazioni di sicurezza del Tuo broswer. Di seguito si riportano brevi istruzioni su come effettuare questa operazione nei quattro <em>broswer<\/em> pi\u00f9 diffusi:<\/p>\n\n\n\n<ul><li>Microsoft Internet Explorer: cliccare l'icona \"<em>Strumenti<\/em>\" nell'angolo in alto a destra e selezionare \"<em>Opzioni internet<\/em>\". Nella finestra pop up selezionare \"<em>Privacy<\/em>\". Qui potrai regolare le impostazioni dei cookies.<\/li><li>Google Chrome: cliccare la chiave inglese nell'angolo in alto a destra e selezionare \"<em>Impostazioni<\/em>\". A questo punto selezionare \" <em>Mostra impostazioni avanzate<\/em>\" e cambiare le impostazioni della \"<em>Privacy<\/em>\".<\/li><li>Mozilla Firefox: dal menu a tendina nell'angolo in alto a sinistra selezionare \"<em>Opzioni<\/em>\". Nella finestra di pop up selezionare \" <em>Privacy<\/em>\". Qui potrai regolare le impostazioni dei cookies.<\/li><li>Safari: dal menu di impostazione a tendina nell'angolo in alto a destra selezionare \"<em>Preferenze<\/em>\". Selezionare \"<em>Sicurezza<\/em>\" e qui potrai regolare le impostazioni dei cookies.<\/li><\/ul>\n\n\n\n<p>Si precisa, tuttavia, che disattivando l'utilizzo dei Cookies di profilazione non potrai usufruire appieno di alcune funzioni del Sito.<\/p>\n\n\n\n<p>Nel corso della navigazione del Sito, puoi ricevere sul Tuo terminale anche cookies che vengono inviati da siti o da web server diversi (di seguito \" Terze Parti\"). Le Terze Parti, che utilizzano cookies nel nostro Sito, sono:<\/p>\n\n\n\n<p>Google Analytics<\/p>\n\n\n\n<p>Analytics<\/p>\n\n\n\n<p><a href=\"https:\/\/www.google.com\/policies\/technologies\/cookies\/\">Privacy Policy<\/a><\/p>\n\n\n\n<p>Google Adwords<\/p>\n\n\n\n<p>Profilazione<\/p>\n\n\n\n<p><a href=\"https:\/\/www.google.com\/policies\/technologies\/ads\/\">Privacy e Termini<\/a><\/p>\n\n\n\n<p>Doubleclick<\/p>\n\n\n\n<p>Profilazione<\/p>\n\n\n\n<p><a href=\"https:\/\/www.google.com\/policies\/technologies\/ads\/\">Privacy e Termini<\/a><\/p>\n\n\n\n<p>Facebook<\/p>\n\n\n\n<p>Profilazione<\/p>\n\n\n\n<p><a href=\"https:\/\/it-it.facebook.com\/about\/privacy\/cookies\">Normativa sui dati<\/a><\/p>\n\n\n\n<p>Attraverso l'uso del Sito si considera accettato l'utilizzo dei Cookies e presti il consenso al trattamento dei dati raccolti dalle Terze Parti.<\/p>\n\n\n\n<p>3. I dati personali che ci fornisci utilizzando il Sito: a che fine li trattiamo.<\/p>\n\n\n\n<p>I Tuoi dati ci servono per consentirTi, attraverso l'utilizzo del Sito, di:<\/p>\n\n\n\n<p>a) accedere al sito www.studiopellicci.it (di seguito il \"Sito\") ed utilizzare i seguenti servizi (i \" Servizi Sito\"):<\/p>\n\n\n\n<ul><li>richiesta informazioni<\/li><li>consulta promozioni;<s><\/s><\/li><\/ul>\n\n\n\n<p>I Tuoi dati vengono trattati per le seguenti finalit\u00e0:<\/p>\n\n\n\n<p>(ii) adempiere agli obblighi di legge;<\/p>\n\n\n\n<p>(iii) effettuare la gestione tecnica del Sito;<\/p>\n\n\n\n<p>(iv) aggiornarTi su tutte le nostre iniziative promozionali e di marketing anche diretto, anche attraverso l'invio di materiale pubblicitario e\/o promozionale, tramite strumenti automatizzati e\/o modalit\u00e0 tradizionali di contatto, ad esempio tramite notifiche push, e-mail (la \"Newsletter\") e\/o tramite invio di sms, mms (i \" Servizi di Marketing\");<\/p>\n\n\n\n<p>(v) analizzare le Tue preferenze, abitudini, interessi e scelte di consumo, ivi incluse la tipologia, la frequenza, ubicazione degli acquisti, al fine di elaborare statistiche, creare specifici profili di utenti e svolgere attivit\u00e0 predittiva in relazione ai Tuoi futuri consumi (di seguito, l'\" Attivit\u00e0 di Profilazione\");<\/p>\n\n\n\n<p>Il trattamento dei dati per le finalit\u00e0 che precedono verr\u00e0 effettuato in ossequio al Codice Privacy, al Regolamento Privacy e a tutte le specifiche normative di settore ivi incluso quanto previsto dalle \"Regole del Garante per i programmi di fidelizzazione\" del 24 febbraio 2005 e dalle \"Linee guida in materia di trattamento di dati personali per profilazione on-line\" del 19 marzo 2015.<\/p>\n\n\n\n<p>In ossequio alle \"Linee guida in materia di attivit\u00e0 promozionale e contrasto allo spam\" del 4 luglio 2013, evidenziamo che il consenso da Te eventualmente prestato per l'invio di comunicazioni commerciali, promozionali e di marketing tramite strumenti automatizzati si estender\u00e0 anche alle modalit\u00e0 tradizionali di contatto.<\/p>\n\n\n\n<p>I dati da Te forniti verranno trattati prevalentemente con strumenti informatici sotto l'autorit\u00e0 del Titolare del trattamento, da parte di soggetti specificamente incaricati, autorizzati ed istruiti al trattamento ai sensi dell'articolo 30 del Codice Privacy e degli articoli 28 e 29 del Regolamento Privacy. Ti informiamo che sono osservate idonee misure di sicurezza anche ai sensi degli artt. 5 e 32 del Regolamento Privacy per prevenire la perdita dei dati, usi illeciti o non corretti ed accessi non autorizzati.<\/p>\n\n\n\n<p>4. Natura obbligatoria o facoltativa del consenso per il conferimento dei dati, le conseguenze di un eventuale rifiuto e la base giuridica del trattamento<\/p>\n\n\n\n<p>Sappi che per le finalit\u00e0 di cui ai punti (i), (ii), (iii) e del precedente art. 3, il conferimento dei Tuoi dati personali \u00e8 obbligatorio in quanto in mancanza non potrai, tramite il Sito:<\/p>\n\n\n\n<p>(i) usufruire dei Servizi Sito offerti<\/p>\n\n\n\n<p>(ii) ottenere e\/o utilizzare ulteriori attivit\u00e0 cui potrebbero essere associate promozioni, scontistiche, ecc.<\/p>\n\n\n\n<p>Invece, il conferimento dei tuoi dati personali non \u00e8 obbligatorio ma facoltativo per le finalit\u00e0 di cui ai punti (iv) e (v) del precedente art. 3. Il mancato conferimento dei dati per le finalit\u00e0 appena indicate non ci consentir\u00e0 di fornirTi la Newsletter, i Servizi di Marketing, di svolgere l'Attivit\u00e0 di Profilazione. A tal fine, potrai decidere liberamente se prestare o meno il Tuo consenso anche per tali finalit\u00e0 e senza che ci\u00f2 inibisca la possibilit\u00e0 di accedere ai Servizi Sito.<\/p>\n\n\n\n<p>RicordaTi che, in ogni caso ed in qualsiasi momento, potrai richiedere al Titolare la cancellazione dei Tuoi dati tramite una semplice comunicazione da inviarsi, senza particolari formalit\u00e0, ai recapiti di cui al precedente art. 1.<\/p>\n\n\n\n<p>Con riferimento alle finalit\u00e0 di cui ai punti (i), (ii), (iii) del precedente art. 3, la base giuridica del trattamento \u00e8 infatti l'esecuzione dei servizi forniti attraverso il Sito e da Te richiesti (ai sensi dell'articolo 6, comma 1, lett. b del Regolamento Privacy e dell'articolo 24, comma 1, lett. b del Codice Privacy); invece, con riferimento alle finalit\u00e0 di cui ai punti (iv) e (v) del precedente art. 3, la base giuridica del trattamento \u00e8 il tuo eventuale consenso espresso liberamente (ai sensi dell'articolo 6, comma 1, lett. a del Regolamento Privacy e dell'articolo 23 del Codice Privacy).<\/p>\n\n\n\n<p>5. Social Buttons e Social media<\/p>\n\n\n\n<p>Sul sito www.artiopia.com sono presenti dei particolari \"pulsanti\" (denominati \"social buttons\/widgets\") che raffigurano le icone di social network (esempio, Facebook, linkedin, etc.) e di ulteriori siti web (Google+, slideshare, etc.). Detti bottoni consentono agli utenti che stanno navigando sui siti di interagire con un \"click\" direttamente con i social network e gli altri siti web ivi raffigurati. In tal caso il social network e gli altri siti web acquisiscono i dati relativi alla visita dell'utente, mentre il Titolare non condivider\u00e0 alcuna informazione di navigazione o dato dell'utente acquisiti attraverso il proprio sito con i social network e gli altri siti web accessibili grazie ai Social buttons\/widgets.<\/p>\n\n\n\n<p>Ne consegue che tramite il nostro sito Internet ti offriamo un ampio supporto personale anche nei social media e la possibilit\u00e0 di rimanere in contatto con noi. I servizi dei social media rilevano direttamente dei dati personali, ad esempio tramite il tuo profilo creato su tali social media o tramite i cosiddetti social <em>plugin<\/em> implementati su siti Internet di terzi.<\/p>\n\n\n\n<p>Se ci invii una richiesta tramite uno di tali social media, inoltreremo la richiesta al reparto di competenza. I dati saranno utilizzati esclusivamente per rispondere alla tua richiesta e non saranno conferiti a terzi.<\/p>\n\n\n\n<p>Per contattarci tramite dei social media, dovrai iscriverti ai loro servizi. A tale scopo la raccolta, l'eventuale registrazione e il trattamento dei dati personali saranno svolti dalle societ\u00e0 a capo dei singoli servizi. Pertanto non abbiamo alcun competenza e dunque responsabilit\u00e0 sulla tipologia, sulla quantit\u00e0 e sul trattamento di tali dati. Ci\u00f2 vale anche per le foto\/video caricati nei social media. Ricorda che i diritti saranno trasmessi eventualmente ai servizi dei social media. I dettagli sono riportati nelle condizioni di utilizzo e di privacy del singolo offerente.<\/p>\n\n\n\n<p>Trattasi di offerte da parte delle seguenti societ\u00e0 statunitensi:<\/p>\n\n\n\n<p>Facebook Inc. (1601 S. California Ave, Palo Alto, CA 94304, USA)<\/p>\n\n\n\n<p>Google LLC (Mountain View, California, Stati Uniti)<\/p>\n\n\n\n<p>Se apri una pagina del nostro sito Internet contenente uno di questi <em>plugin<\/em>, il tuo browser creer\u00e0 un collegamento diretto ai server della societ\u00e0 interessata. Il contenuto dei <em>plugin<\/em> sar\u00e0 trasmesso da tali server direttamente al tuo browser e integrato nel sito Internet. Pertanto non abbiamo alcuna competenza e dunque responsabilit\u00e0 sulla quantit\u00e0 dei dati che ciascuna societ\u00e0 rileva tramite tali <em>plugin<\/em>. Ti informiamo dunque su quanto a nostra conoscenza:<\/p>\n\n\n\n<p>Integrando i <em>plugin<\/em> la singola societ\u00e0 riceve l'informazione relativa al fatto che hai richiamato la pagina interessata del nostro sito Internet. Se sei registrato presso una delle su menzionate societ\u00e0, queste possono associare la visita al tuo account personale. Se interagisci con i plugin, tali informazioni vengono trasmesse direttamente dal tuo browser alla societ\u00e0 interessata e ivi registrate. Se non disponi di un account presso le su menzionate societ\u00e0, vi \u00e8 comunque la possibilit\u00e0 che esse acquisiscano e registrino il tuo indirizzo IP.<\/p>\n\n\n\n<p>Non si pu\u00f2 escludere dunque che le su menzionate societ\u00e0 rilevino ciascun visitatore del nostro sito Internet sulla base del suo indirizzo IP e dell'URL richiamato, anche nel caso in cui l'utente non abbia cliccato sui <em>plugin<\/em> e non sia registrato tramite un account presso la societ\u00e0 interessata.<\/p>\n\n\n\n<p>Per conoscere finalit\u00e0 e portata della raccolta, del trattamento e dell'utilizzo dei dati a cura di tali societ\u00e0, nonch\u00e9 diritti e possibilit\u00e0 di revoca a tutela della privacy da parte dell'utente, ti invitiamo a leggere le informazioni sulla privacy di:<\/p>\n\n\n\n<p>Facebook: <a href=\"https:\/\/www.facebook.com\/policy.php\"><em>www.facebook.com\/policy.php<\/em><\/a><em><\/em><\/p>\n\n\n\n<p>Google: <a href=\"https:\/\/policies.google.com\/\"><em>https:\/\/policies.google.com<\/em><\/a><em><\/em><\/p>\n\n\n\n<p>6. A chi e in che ambito possiamo trasmettere i tuoi dati<\/p>\n\n\n\n<p>I Tuoi dati potranno essere comunicati, all'interno dell'UE, nel pieno rispetto di quanto previsto dal Codice Privacy e dal Regolamento Privacy, ai seguenti soggetti:<\/p>\n\n\n\n<p>(i) all'amministrazione finanziaria e\/o altre autorit\u00e0 pubbliche, ove ci\u00f2 sia imposto dalla legge o su loro richiesta;<\/p>\n\n\n\n<p>(ii) agli istituti di credito per finalit\u00e0 strumentali all'acquisto on-line dei Prodotti;<\/p>\n\n\n\n<p>(iii) alle strutture, ai soggetti ed alle societ\u00e0 esterne di cui il Titolare si avvale per lo svolgimento di attivit\u00e0 connesse, strumentali o conseguenti all'esecuzione dei Servizi Sito - ivi incluso il servizio di archiviazione <em>cloud computing<\/em>, trasporto, consegna e\/o ritiro dei Prodotti attraverso la piattaforma E-commerce - all'invio della Newsletter ed all'erogazione dei Servizi di Marketing, all'Attivit\u00e0 di Profilazione;<\/p>\n\n\n\n<p>(iv) ai consulenti esterni (ad esempio, per la gestione degli adempimenti fiscali), se non designati per iscritto Responsabili del trattamento.<\/p>\n\n\n\n<p>Le informazioni raccolte automaticamente dal Sito, di cui al paragrafo 2, nonch\u00e9 alcuni dati anonimi relativi al numero ed al tipo di interazioni sulle attivit\u00e0 abbinate alle finalit\u00e0 di fidelizzazione in senso stretto, potranno essere anche trasferiti in server cloud di Terze Parti ubicati anche Extra UE, risultando tale trattamento necessario per l'esecuzione dei Servizi Sito e da Te richiesti. La base giuridica di detto trattamento \u00e8, pertanto, l'art. 49, comma 1, lett. b del Regolamento Privacy e Art. 43, comma 1, lett. b Codice Privacy.<\/p>\n\n\n\n<p>7. I tuoi diritti<\/p>\n\n\n\n<p>Ricordati che in qualsiasi momento potrai esercitare i diritti di cui all'art. 7 del Codice Privacy e di cui agli artt. 15, 16, 17, 18, 20, 21 e 22 del Regolamento Privacy, inviando una comunicazione scritta ai recapiti del Titolare di cui al precedente art. 1 e, per l'effetto, ottenere:<\/p>\n\n\n\n<p>a) chiedere la conferma dell'esistenza o meno di propri dati personali;<\/p>\n\n\n\n<p>b) ottenere le indicazioni circa le finalit\u00e0 del trattamento, le categorie dei dati personali, i destinatari o le categorie di destinatari a cui i dati personali sono stati o saranno comunicati e, quando possibile, il periodo di conservazione;<\/p>\n\n\n\n<p>c) ottenere la rettifica e la cancellazione dei dati;<\/p>\n\n\n\n<p>d) ottenere la limitazione del trattamento;<\/p>\n\n\n\n<p>e) ottenere la portabilit\u00e0 dei dati, ossia riceverli da un titolare del trattamento, in un formato strutturato, di uso comune e leggibile da dispositivo automatico, e trasmetterli ad un altro titolare del trattamento senza impedimenti;<\/p>\n\n\n\n<p>f) opporsi al trattamento in qualsiasi momento ed anche nel caso di trattamento per finalit\u00e0 di marketing diretto;<\/p>\n\n\n\n<p>g) opporsi ad un processo decisionale automatizzato relativo alle persone \ufb01siche, compresa la profilazione;<\/p>\n\n\n\n<p>h) chiedere al titolare del trattamento l'accesso ai dati personali e la rettifica o la cancellazione degli stessi o la limitazione del trattamento che lo riguardano o di opporsi al loro trattamento, oltre al diritto alla portabilit\u00e0 dei dati;<\/p>\n\n\n\n<p>i) revocare il consenso in qualsiasi momento senza pregiudicare la liceit\u00e0 del trattamento basata sul consenso prestato prima della revoca;<\/p>\n\n\n\n<p>j) proporre reclamo a un'autorit\u00e0 di controllo.<\/p>\n\n\n\n<p>Con riferimento alla Newsletter ed ai Servizi di Marketing, evidenziamo che il Tuo diritto di richiedere la cessazione del trattamento effettuato attraverso modalit\u00e0 automatizzate di contatto si estende anche a quelle tradizionali. Inoltre, resta salva per Te la possibilit\u00e0 di esercitare tale diritto solo in parte, ossia richiedendo l'interruzione, ad esempio, dell'invio di comunicazioni promozionali effettuato tramite uno o alcuni degli strumenti di contatto per i quali hai prestato il consenso.<\/p>\n\n\n\n<p>8. Durata del Trattamento<\/p>\n\n\n\n<p>Fatti salvi gli obblighi di legge, i dati personali saranno conservati per un periodo determinato, in base a criteri fondati sulla natura dei servizi forniti.<\/p>\n\n\n\n<p>Si precisa che i dati conservati per finalit\u00e0 di Profilazione o di Marketing saranno conservati per un periodo non superiore rispettivamente a 12 e a 24 mesi dalla loro registrazione.<\/p>\n\n\n\n<p>8.a) Categorie particolari di dati personali<\/p>\n\n\n\n<p>Ai sensi degli articoli 26 e 27 del Codice Privacy e degli articoli 9 e 10 del Regolamento Privacy, Lei potrebbe conferire dati qualificabili come \" <em>categorie particolari di dati personali<\/em>\" e cio\u00e8 quei dati che rivelano \" <em>l'origine razziale o etnica, le opinioni politiche, le convinzioni religiose o filosofiche, o l'appartenenza sindacale, nonch\u00e9 dati genetici, dati biometrici intesi a identificare in modo univoco una persona fisica, dati relativi alla salute o alla vita sessuale o all'orientamento sessuale della persona <\/em>\". Tali categorie di dati potranno essere trattate solo previo Suo libero ed esplicito consenso, manifestato in forma scritta in documento separato alla presente informativa.<\/p>\n\n\n\n<p>9. Misure di sicurezza<\/p>\n\n\n\n<p>Attraverso il Sito i Tuoi dati sono trattati nel rispetto della legge applicabile ed utilizzando adeguate misure di sicurezza nel rispetto della normativa in vigore anche ai sensi degli artt. 5 e 32 del Regolamento Privacy.<\/p>\n\n\n\n<p>In merito, si conferma, tra l'altro, l'adozione di opportune misure di sicurezza volte ad impedire accessi non autorizzati, furto, divulgazione, modifica o distruzione non autorizzata dei Tuoi dati.<\/p>\n\n\n\n<p>10. Modifiche all'Informativa Privacy<\/p>\n\n\n\n<p>Il Titolare si riserva la facolt\u00e0 di apportare modifiche alla presente Informativa Privacy. In tal caso ne verrai tempestivamente informato, nel momento in cui utilizzerai nuovamente il Sito.<\/p>\n\n\n\n<p>COME REVOCARE I CONSENSI AL TRATTAMENTO DATI<\/p>\n\n\n\n<p>Per revocare i consensi forniti in caso di registrazione al sito www.studiopellicci.it sar\u00e0 sufficiente inviare una email all'indirizzo <a>info@studiopellicci.it <\/a>con oggetto <em>\"Revoco il consenso al trattamento dati\"<\/em> utilizzando come mittente la mail fornita in fase di registrazione.<\/p>\n\n\n\n<p>Per cancellare il proprio account sar\u00e0 sufficiente inviare una email all'indirizzo <a>info@studiopellicci.it <\/a>con oggetto <em>\"Cancella il mio account\" <\/em>utilizzando come mittente la mail fornita in fase di registrazione.<\/p>\n\n\n\n<p>Per ulteriori informazioni si pu\u00f2 contattare il nostro <em>customer service<\/em> via mail a info@studiopellicci.it.<\/p>\n","protected":false},"excerpt":{"rendered":"<p>PRIVACY POLICY &amp; COOKIES Ai sensi dell'art. 13 D. Lgs. 30 giugno 2003, n. 196 (\"Codice Privacy\"), dell'art. 13 del Regolamento Europeo n. 679 del 2016 (il \"Regolamento Privacy\"), nonch\u00e9 della Raccomandazione n. 2 del 2001 adottata ai sensi dell'art. 29 della Direttiva n. 95\/46\/CE, lo Studio Professionale Pellicci, con il presente documento, intende informare [&hellip;]<\/p>\n","protected":false},"author":1,"featured_media":0,"parent":0,"menu_order":0,"comment_status":"closed","ping_status":"closed","template":"","meta":[],"_links":{"self":[{"href":"http:\/\/www.studiopellicci.it\/index.php\/wp-json\/wp\/v2\/pages\/55"}],"collection":[{"href":"http:\/\/www.studiopellicci.it\/index.php\/wp-json\/wp\/v2\/pages"}],"about":[{"href":"http:\/\/www.studiopellicci.it\/index.php\/wp-json\/wp\/v2\/types\/page"}],"author":[{"embeddable":true,"href":"http:\/\/www.studiopellicci.it\/index.php\/wp-json\/wp\/v2\/users\/1"}],"replies":[{"embeddable":true,"href":"http:\/\/www.studiopellicci.it\/index.php\/wp-json\/wp\/v2\/comments?post=55"}],"version-history":[{"count":1,"href":"http:\/\/www.studiopellicci.it\/index.php\/wp-json\/wp\/v2\/pages\/55\/revisions"}],"predecessor-version":[{"id":56,"href":"http:\/\/www.studiopellicci.it\/index.php\/wp-json\/wp\/v2\/pages\/55\/revisions\/56"}],"wp:attachment":[{"href":"http:\/\/www.studiopellicci.it\/index.php\/wp-json\/wp\/v2\/media?parent=55"}],"curies":[{"name":"wp","href":"https:\/\/api.w.org\/{rel}","templated":true}]}}